{"id":36,"date":"2023-09-13T16:03:25","date_gmt":"2023-09-13T14:03:25","guid":{"rendered":"https:\/\/equestconnect.com\/?post_type=product&#038;p=36"},"modified":"2024-08-25T23:34:12","modified_gmt":"2024-08-25T21:34:12","slug":"klips","status":"publish","type":"product","link":"https:\/\/equestconnect.com\/pl\/produkt\/klips\/","title":{"rendered":"Klips"},"content":{"rendered":"","protected":false},"excerpt":{"rendered":"<p>Nasz praktyczny klips do przymocowania interkomu eQuestConnect do paska spodni umo\u017cliwia wygodne i bezpieczne noszenie urz\u0105dzenia podczas Twoich trening\u00f3w. Dzi\u0119ki solidnemu i trwa\u0142emu wykonaniu, mo\u017cesz by\u0107 pewien, \u017ce Tw\u00f3j interkom pozostanie na swoim miejscu, nawet podczas intensywnych aktywno\u015bci.<\/p>\n","protected":false},"featured_media":266,"comment_status":"open","ping_status":"closed","template":"","meta":{"_acf_changed":false},"product_cat":[17],"product_tag":[],"class_list":{"0":"post-36","1":"product","2":"type-product","3":"status-publish","4":"has-post-thumbnail","6":"product_cat-akcesoria-do-interkomow","8":"first","9":"instock","10":"taxable","11":"shipping-taxable","12":"purchasable","13":"product-type-simple"},"acf":[],"_links":{"self":[{"href":"https:\/\/equestconnect.com\/pl\/wp-json\/wp\/v2\/product\/36","targetHints":{"allow":["GET"]}}],"collection":[{"href":"https:\/\/equestconnect.com\/pl\/wp-json\/wp\/v2\/product"}],"about":[{"href":"https:\/\/equestconnect.com\/pl\/wp-json\/wp\/v2\/types\/product"}],"replies":[{"embeddable":true,"href":"https:\/\/equestconnect.com\/pl\/wp-json\/wp\/v2\/comments?post=36"}],"wp:featuredmedia":[{"embeddable":true,"href":"https:\/\/equestconnect.com\/pl\/wp-json\/wp\/v2\/media\/266"}],"wp:attachment":[{"href":"https:\/\/equestconnect.com\/pl\/wp-json\/wp\/v2\/media?parent=36"}],"wp:term":[{"taxonomy":"product_cat","embeddable":true,"href":"https:\/\/equestconnect.com\/pl\/wp-json\/wp\/v2\/product_cat?post=36"},{"taxonomy":"product_tag","embeddable":true,"href":"https:\/\/equestconnect.com\/pl\/wp-json\/wp\/v2\/product_tag?post=36"}],"curies":[{"name":"wp","href":"https:\/\/api.w.org\/{rel}","templated":true}]}}