{"id":34,"date":"2023-09-13T16:03:25","date_gmt":"2023-09-13T14:03:25","guid":{"rendered":"https:\/\/equestconnect.com\/?post_type=product&#038;p=34"},"modified":"2025-01-15T11:03:01","modified_gmt":"2025-01-15T10:03:01","slug":"zestaw-sluchawkowy","status":"publish","type":"product","link":"https:\/\/equestconnect.com\/pl\/produkt\/zestaw-sluchawkowy\/","title":{"rendered":"Zestaw s\u0142uchawkowy"},"content":{"rendered":"","protected":false},"excerpt":{"rendered":"<p>Dedykowany zestaw s\u0142uchawkowy kompatybilny z interkomem eQuestConnect. Zapewnia swobodn\u0105 komunikacj\u0119 oraz wyj\u0105tkow\u0105 jako\u015b\u0107 d\u017awi\u0119ku dzi\u0119ki systemowi redukcji szum\u00f3w. Dzi\u0119ki ergonomicznemu kszta\u0142towi, nie wypada z ucha przy dynamicznych ruchach, a tak\u017ce wygodnie uk\u0142ada si\u0119 pod kaskiem, zapewniaj\u0105c pe\u0142en komfort podczas trening\u00f3w i zawod\u00f3w. Skup si\u0119 na treningu, wiedz\u0105c, \u017ce komunikacja pozostanie niezak\u0142\u00f3cona.<\/p>\n","protected":false},"featured_media":3116,"comment_status":"open","ping_status":"closed","template":"","meta":{"_acf_changed":false},"product_cat":[17],"product_tag":[],"class_list":{"0":"post-34","1":"product","2":"type-product","3":"status-publish","4":"has-post-thumbnail","6":"product_cat-akcesoria-do-interkomow","8":"first","9":"outofstock","10":"taxable","11":"shipping-taxable","12":"purchasable","13":"product-type-variable"},"acf":[],"_links":{"self":[{"href":"https:\/\/equestconnect.com\/pl\/wp-json\/wp\/v2\/product\/34","targetHints":{"allow":["GET"]}}],"collection":[{"href":"https:\/\/equestconnect.com\/pl\/wp-json\/wp\/v2\/product"}],"about":[{"href":"https:\/\/equestconnect.com\/pl\/wp-json\/wp\/v2\/types\/product"}],"replies":[{"embeddable":true,"href":"https:\/\/equestconnect.com\/pl\/wp-json\/wp\/v2\/comments?post=34"}],"wp:featuredmedia":[{"embeddable":true,"href":"https:\/\/equestconnect.com\/pl\/wp-json\/wp\/v2\/media\/3116"}],"wp:attachment":[{"href":"https:\/\/equestconnect.com\/pl\/wp-json\/wp\/v2\/media?parent=34"}],"wp:term":[{"taxonomy":"product_cat","embeddable":true,"href":"https:\/\/equestconnect.com\/pl\/wp-json\/wp\/v2\/product_cat?post=34"},{"taxonomy":"product_tag","embeddable":true,"href":"https:\/\/equestconnect.com\/pl\/wp-json\/wp\/v2\/product_tag?post=34"}],"curies":[{"name":"wp","href":"https:\/\/api.w.org\/{rel}","templated":true}]}}