{"id":31,"date":"2023-09-13T16:03:25","date_gmt":"2023-09-13T14:03:25","guid":{"rendered":"https:\/\/equestconnect.com\/?post_type=product&#038;p=31"},"modified":"2024-12-12T21:07:44","modified_gmt":"2024-12-12T20:07:44","slug":"interkom-jezdziecki-q2-podwojny","status":"publish","type":"product","link":"https:\/\/equestconnect.com\/pl\/produkt\/interkom-jezdziecki-q2-podwojny\/","title":{"rendered":"Interkom je\u017adziecki eQuestConnect Q2 &#8211; zestaw dla trenera i je\u017ad\u017aca"},"content":{"rendered":"<p><strong>eQuestConnect<\/strong> reprezentuje now\u0105 generacj\u0119 innowacyjnych interkom\u00f3w je\u017adzieckich, kt\u00f3re otwieraj\u0105 drog\u0119 do <strong>pe\u0142nej, dwustronnej komunikacji<\/strong>. Stworzone z my\u015bl\u0105 o wyra\u017anej i nieprzerwanej wymianie informacji, nasze interkomy umo\u017cliwiaj\u0105 trenerom i je\u017ad\u017acom swobodne prowadzenie rozm\u00f3w w trakcie treningu, co jest kluczowe dla skutecznego nauczania i szybkiego post\u0119pu.<\/p>\n<p>Model Q2 jest specjalnie zaprojektowany, aby sprosta\u0107 wyzwaniom komunikacji <strong>w parach<\/strong>, pomi\u0119dzy trenerem i je\u017ad\u017acem lub partnerami treningowymi.<\/p>\n<p>Testowane i chwalone przez profesjonalist\u00f3w oraz amator\u00f3w je\u017adziectwa, nasze interkomy wyr\u00f3\u017cniaj\u0105 si\u0119 na tle konkurencji. Doskonale funkcjonuj\u0105 w \u015brodowisku stajennym, dostarczaj\u0105c niezawodn\u0105 jako\u015b\u0107 komunikacji za pomoc\u0105 zaawansowanej technologii Bluetooth, co pozwala na zachowanie ci\u0105g\u0142o\u015bci rozm\u00f3w w <strong>odleg\u0142o\u015bci do 800 metr\u00f3w, w ka\u017cdej pr\u0119dko\u015bci i warunkach atmosferycznych<\/strong>.<\/p>\n<p>Kluczow\u0105 cech\u0105 eQuestConnect jest <strong>wbudowany system redukcji szum\u00f3w<\/strong>, kt\u00f3ry zapewnia przejrzysto\u015b\u0107 komunikacji nawet w najbardziej ha\u0142a\u015bliwym otoczeniu. Urz\u0105dzenia s\u0105 zaprojektowane tak, aby wyeliminowa\u0107 zak\u0142\u00f3cenia podczas r\u00f3wnoczesnego u\u017cytkowania wielu interkom\u00f3w, co jest nieocenione podczas prowadzenia grupowych sesji treningowych.<\/p>\n<p>Nasze interkomy cechuje r\u00f3wnie\u017c <strong>solidna konstrukcja, odporna na deszcz, piasek kwarcowy i inne potencjalne uszkodzenia<\/strong>, co czyni je niezawodnym wyborem dla aktywnych je\u017ad\u017ac\u00f3w. Praktyczne klipsy do pask\u00f3w spodni gwarantuj\u0105, \u017ce urz\u0105dzenia pozostaj\u0105 bezpiecznie zamocowane, niezale\u017cnie od dynamiki jazdy.<\/p>\n<p>Z eQuestConnect, komunikacja staje si\u0119 p\u0142ynna i intuicyjna, co przek\u0142ada si\u0119 na bezpiecze\u0144stwo i efektywno\u015b\u0107 \u2013 zar\u00f3wno dla trener\u00f3w, jak i je\u017ad\u017ac\u00f3w, niezale\u017cnie od poziomu zaawansowania.<\/p>\n","protected":false},"excerpt":{"rendered":"<p>eQuestConnect Q2 &#8211; system komunikacji dla je\u017ad\u017ac\u00f3w i trener\u00f3w. Dwustronna komunikacja na treningach, redukcja szum\u00f3w, wygodne s\u0142uchawki, zasi\u0119g 800 m.<\/p>\n","protected":false},"featured_media":2830,"comment_status":"open","ping_status":"closed","template":"","meta":{"_acf_changed":false},"product_cat":[16],"product_tag":[35],"class_list":{"0":"post-31","1":"product","2":"type-product","3":"status-publish","4":"has-post-thumbnail","6":"product_cat-interkomy-jezdzieckie","7":"product_tag-dla-par","9":"first","10":"instock","11":"featured","12":"taxable","13":"shipping-taxable","14":"purchasable","15":"product-type-variable"},"acf":[],"_links":{"self":[{"href":"https:\/\/equestconnect.com\/pl\/wp-json\/wp\/v2\/product\/31","targetHints":{"allow":["GET"]}}],"collection":[{"href":"https:\/\/equestconnect.com\/pl\/wp-json\/wp\/v2\/product"}],"about":[{"href":"https:\/\/equestconnect.com\/pl\/wp-json\/wp\/v2\/types\/product"}],"replies":[{"embeddable":true,"href":"https:\/\/equestconnect.com\/pl\/wp-json\/wp\/v2\/comments?post=31"}],"wp:featuredmedia":[{"embeddable":true,"href":"https:\/\/equestconnect.com\/pl\/wp-json\/wp\/v2\/media\/2830"}],"wp:attachment":[{"href":"https:\/\/equestconnect.com\/pl\/wp-json\/wp\/v2\/media?parent=31"}],"wp:term":[{"taxonomy":"product_cat","embeddable":true,"href":"https:\/\/equestconnect.com\/pl\/wp-json\/wp\/v2\/product_cat?post=31"},{"taxonomy":"product_tag","embeddable":true,"href":"https:\/\/equestconnect.com\/pl\/wp-json\/wp\/v2\/product_tag?post=31"}],"curies":[{"name":"wp","href":"https:\/\/api.w.org\/{rel}","templated":true}]}}