{"id":2056,"date":"2023-10-30T10:20:03","date_gmt":"2023-10-30T09:20:03","guid":{"rendered":"https:\/\/equestconnect.com\/?post_type=product&#038;p=2056"},"modified":"2026-05-11T10:28:44","modified_gmt":"2026-05-11T08:28:44","slug":"interkom-jezdziecki-equestconnect-q2-q7-zestaw-dla-trenera-i-jezdzca","status":"publish","type":"product","link":"https:\/\/equestconnect.com\/pl\/produkt\/interkom-jezdziecki-equestconnect-q2-q7-zestaw-dla-trenera-i-jezdzca\/","title":{"rendered":"Interkom je\u017adziecki eQuestConnect Q7 &#8211; zestaw dla trenera i je\u017ad\u017aca"},"content":{"rendered":"<p><strong>eQuestConnect<\/strong> to innowacyjny interkom dla je\u017ad\u017ac\u00f3w, kt\u00f3ry otwiera drog\u0119 do <strong>pe\u0142nej, dwustronnej komunikacji<\/strong>. Dzi\u0119ki niemu trener ma mo\u017cliwo\u015b\u0107 swobodnej rozmowy <strong>a\u017c z sze\u015bcioma je\u017ad\u017acami<\/strong>. Produkt zosta\u0142 poddany testom i przyj\u0119ty z entuzjazmem przez pasjonat\u00f3w je\u017adziectwa, zar\u00f3wno trener\u00f3w, jak i je\u017ad\u017ac\u00f3w.<\/p>\n<p>Zestaw sk\u0142ada si\u0119 z jednego modelu Q7 i jednego modelu Q2. Model Q7 jest w stanie po\u0142\u0105czy\u0107 si\u0119 a\u017c z sze\u015bcioma innymi urz\u0105dzeniami. Je\u015bli jeste\u015b trenerem i pracujesz z kilkoma je\u017ad\u017acami jednocze\u015bnie, eQuestConnect Q7 pozwala na \u0142atwe prze\u0142\u0105czanie si\u0119 mi\u0119dzy r\u00f3\u017cnymi osobami w trakcie treningu. To znaczy, \u017ce mo\u017cesz swobodnie wybiera\u0107, z kim w danym momencie chcesz rozmawia\u0107, dostosowuj\u0105c komunikacj\u0119 do indywidualnych potrzeb ka\u017cdego je\u017ad\u017aca. Interkom eQuestConnect Q2 pozwala na po\u0142\u0105czenie si\u0119 z jednym urz\u0105dzeniem, tworz\u0105c bezpo\u015bredni\u0105 i niezawodn\u0105 \u0142\u0105czno\u015b\u0107 mi\u0119dzy trenerem i je\u017ad\u017acem. Mo\u017cesz dokupi\u0107 dowoln\u0105 ilo\u015b\u0107\u00a0modeli Q2 sprzedawanych osobno, w zale\u017cno\u015bci od ilo\u015bci uczni\u00f3w, z kt\u00f3rymi pracujesz.<\/p>\n<p>Doskonale sprawdza si\u0119 w \u015brodowisku stajennym, zapewniaj\u0105c wyj\u0105tkow\u0105 jako\u015b\u0107 komunikacji opart\u0105 na technologii <strong>Bluetooth<\/strong>, niezale\u017cnie od odleg\u0142o\u015bci (<strong>do 800 m<\/strong>), pr\u0119dko\u015bci czy warunk\u00f3w atmosferycznych. Wyj\u0105tkowa cecha tego interkomu to wbudowany <strong>system redukcji szum\u00f3w<\/strong>, kt\u00f3ry gwarantuje klarown\u0105 komunikacj\u0119 w ka\u017cdych warunkach. Ponadto brak zak\u0142\u00f3ce\u0144 w przypadku r\u00f3wnoczesnego u\u017cytkowania wielu urz\u0105dze\u0144 tej samej marki. Wytrzyma\u0142a konstrukcja jest odporne na warunki atmosferyczne (deszcz), piasek kwarcowy oraz potencjalne uszkodzenia. Urz\u0105dzenie wyposa\u017cone jest w klips do zamocowania na pasku spodni.<\/p>\n<p>W zestawie znajduj\u0105 si\u0119 specjalnie zaprojektowane s\u0142uchawki, kt\u00f3re zapewniaj\u0105 pe\u0142en komfort podczas jazdy konnej. Dzi\u0119ki ergonomicznemu designowi nie wypadaj\u0105 z ucha, a kabelek wyposa\u017cony w klips mo\u017cna dodatkowo przypi\u0105\u0107 do ubrania. S\u0142uchawka dobrze uk\u0142ada si\u0119 pod paskami kasku.<\/p>\n<p>Interkom je\u017adziecki eQuestConnect to doskona\u0142e rozwi\u0105zanie zar\u00f3wno na placu treningowym, jak i w hali, szczeg\u00f3lnie podczas r\u00f3wnoczesnych zaj\u0119\u0107 prowadzonych przez r\u00f3\u017cnych instruktor\u00f3w. Dzi\u0119ki pojedynczej s\u0142uchawce, u\u017cytkownik ma mo\u017cliwo\u015b\u0107 komunikacji z trenerem, pozostaj\u0105c jednocze\u015bnie uwa\u017cnym na innych je\u017ad\u017ac\u00f3w. Ten produkt stanowi idealne rozwi\u0105zanie dla os\u00f3b poszukuj\u0105cych precyzyjnej i dyskretnej komunikacji.<\/p>\n","protected":false},"excerpt":{"rendered":"<p>eQuestConnect Q7 &#8211; interkom je\u017adziecki sprzedawany pojedynczo. Idealne rozwi\u0105zanie dla trener\u00f3w. Umo\u017cliwia po\u0142\u0105czenie z 6 urz\u0105dzeniami i jednoczesn\u0105 rozmow\u0119 z jednym, wybranym je\u017ad\u017acem.<\/p>\n","protected":false},"featured_media":2826,"comment_status":"open","ping_status":"closed","template":"","meta":{"_acf_changed":false},"product_brand":[],"product_cat":[16],"product_tag":[35],"class_list":{"0":"post-2056","1":"product","2":"type-product","3":"status-publish","4":"has-post-thumbnail","6":"product_cat-interkomy-jezdzieckie","7":"product_tag-dla-par","9":"first","10":"outofstock","11":"featured","12":"taxable","13":"shipping-taxable","14":"purchasable","15":"product-type-variable"},"acf":[],"_links":{"self":[{"href":"https:\/\/equestconnect.com\/pl\/wp-json\/wp\/v2\/product\/2056","targetHints":{"allow":["GET"]}}],"collection":[{"href":"https:\/\/equestconnect.com\/pl\/wp-json\/wp\/v2\/product"}],"about":[{"href":"https:\/\/equestconnect.com\/pl\/wp-json\/wp\/v2\/types\/product"}],"replies":[{"embeddable":true,"href":"https:\/\/equestconnect.com\/pl\/wp-json\/wp\/v2\/comments?post=2056"}],"wp:featuredmedia":[{"embeddable":true,"href":"https:\/\/equestconnect.com\/pl\/wp-json\/wp\/v2\/media\/2826"}],"wp:attachment":[{"href":"https:\/\/equestconnect.com\/pl\/wp-json\/wp\/v2\/media?parent=2056"}],"wp:term":[{"taxonomy":"product_brand","embeddable":true,"href":"https:\/\/equestconnect.com\/pl\/wp-json\/wp\/v2\/product_brand?post=2056"},{"taxonomy":"product_cat","embeddable":true,"href":"https:\/\/equestconnect.com\/pl\/wp-json\/wp\/v2\/product_cat?post=2056"},{"taxonomy":"product_tag","embeddable":true,"href":"https:\/\/equestconnect.com\/pl\/wp-json\/wp\/v2\/product_tag?post=2056"}],"curies":[{"name":"wp","href":"https:\/\/api.w.org\/{rel}","templated":true}]}}