{"id":1948,"date":"2023-10-16T10:16:06","date_gmt":"2023-10-16T08:16:06","guid":{"rendered":"https:\/\/equestconnect.com\/?post_type=product&#038;p=1948"},"modified":"2024-07-09T15:20:43","modified_gmt":"2024-07-09T13:20:43","slug":"pianka-na-zestaw-sluchawkowy","status":"publish","type":"product","link":"https:\/\/equestconnect.com\/pl\/produkt\/pianka-na-zestaw-sluchawkowy\/","title":{"rendered":"Pianka na zestaw s\u0142uchawkowy"},"content":{"rendered":"","protected":false},"excerpt":{"rendered":"<p>Pianka na zestaw s\u0142uchawkowy to rozwi\u0105zanie dla u\u017cytkownik\u00f3w s\u0142uchawek, kt\u00f3rzy dbaj\u0105 zar\u00f3wno o estetyk\u0119, jak i higien\u0119 swojego sprz\u0119tu. Dzi\u0119ki tej piance mo\u017cesz nada\u0107 swoim s\u0142uchawkom super wygl\u0105d, jednocze\u015bnie chroni\u0105c je przed zabrudzeniem.<\/p>\n<p>W zestawie znajduje si\u0119 para (2 sztuki). Dost\u0119pne w pi\u0119ciu kolorach.<\/p>\n","protected":false},"featured_media":1954,"comment_status":"open","ping_status":"closed","template":"","meta":{"_acf_changed":false},"product_cat":[17],"product_tag":[],"class_list":{"0":"post-1948","1":"product","2":"type-product","3":"status-publish","4":"has-post-thumbnail","6":"product_cat-akcesoria-do-interkomow","8":"first","9":"instock","10":"taxable","11":"shipping-taxable","12":"product-type-variable"},"acf":[],"_links":{"self":[{"href":"https:\/\/equestconnect.com\/pl\/wp-json\/wp\/v2\/product\/1948","targetHints":{"allow":["GET"]}}],"collection":[{"href":"https:\/\/equestconnect.com\/pl\/wp-json\/wp\/v2\/product"}],"about":[{"href":"https:\/\/equestconnect.com\/pl\/wp-json\/wp\/v2\/types\/product"}],"replies":[{"embeddable":true,"href":"https:\/\/equestconnect.com\/pl\/wp-json\/wp\/v2\/comments?post=1948"}],"wp:featuredmedia":[{"embeddable":true,"href":"https:\/\/equestconnect.com\/pl\/wp-json\/wp\/v2\/media\/1954"}],"wp:attachment":[{"href":"https:\/\/equestconnect.com\/pl\/wp-json\/wp\/v2\/media?parent=1948"}],"wp:term":[{"taxonomy":"product_cat","embeddable":true,"href":"https:\/\/equestconnect.com\/pl\/wp-json\/wp\/v2\/product_cat?post=1948"},{"taxonomy":"product_tag","embeddable":true,"href":"https:\/\/equestconnect.com\/pl\/wp-json\/wp\/v2\/product_tag?post=1948"}],"curies":[{"name":"wp","href":"https:\/\/api.w.org\/{rel}","templated":true}]}}